{"id":711,"date":"2024-05-29T20:07:13","date_gmt":"2024-05-29T18:07:13","guid":{"rendered":"https:\/\/alpine-retreat.at\/?page_id=711"},"modified":"2024-06-25T21:02:18","modified_gmt":"2024-06-25T19:02:18","slug":"summeractivities","status":"publish","type":"page","link":"https:\/\/alpine-retreat.at\/en\/summeractivities\/","title":{"rendered":"Summer Activities"},"content":{"rendered":"<div class=\"wp-block-uagb-container uagb-block-25efe059 alignfull uagb-is-root-container\"><div class=\"uagb-container-inner-blocks-wrap\">\n<div class=\"wp-block-uagb-advanced-heading uagb-block-152b2cf8\"><h1 class=\"uagb-heading-text\">Summer Activities<\/h1><\/div>\n<\/div><\/div>\n\n\n\n<div class=\"wp-block-uagb-container uagb-block-4a87feac alignfull uagb-is-root-container\">\n<div class=\"wp-block-uagb-info-box uagb-block-5c6f27f2 uagb-infobox__content-wrap  uagb-infobox-icon-above-title uagb-infobox-image-valign-top\"><div class=\"uagb-ifb-content\"><div class=\"uagb-ifb-title-wrap\"><h2 class=\"uagb-ifb-title\">Experience Nature Up Close<\/h2><\/div><div class=\"uagb-ifb-separator\"><\/div><p class=\"uagb-ifb-desc\">Experience untouched nature in its seclusion and find the perfect retreat for relaxation. Whether you're a family, culture enthusiast, hiker, or mountain biker, this environment offers a brilliant blend of traditional and contemporary ambiance.<br><br><br><\/p><\/div><\/div>\n<\/div>\n\n\n\n<div class=\"wp-block-uagb-container uagb-block-31ec3615 alignfull uagb-is-root-container\"><div class=\"uagb-container-inner-blocks-wrap\">\n<div class=\"wp-block-uagb-slider uagb-block-871905d7 uagb-slider-container\"><div class=\"uagb-slides uagb-swiper\"><div class=\"swiper-wrapper\">\n<div class=\"wp-block-uagb-slider-child uagb-slider-child-wrap swiper-slide uagb-block-756de791\"><div class=\"swiper-content\">\n<div class=\"wp-block-uagb-container uagb-block-c9a3cdbc\">\n<figure class=\"wp-block-image size-large\"><img loading=\"lazy\" decoding=\"async\" width=\"1024\" height=\"576\" sizes=\"auto, (max-width: 1024px) 100vw, 1024px\" src=\"https:\/\/alpine-retreat.at\/wp-content\/uploads\/2024\/06\/Wandern-in-TirolWest-99377fbf-1024x576.jpg\" alt=\"\" class=\"wp-image-808\" srcset=\"https:\/\/alpine-retreat.at\/wp-content\/uploads\/2024\/06\/Wandern-in-TirolWest-99377fbf-1024x576.jpg 1024w, https:\/\/alpine-retreat.at\/wp-content\/uploads\/2024\/06\/Wandern-in-TirolWest-99377fbf-300x169.jpg 300w, https:\/\/alpine-retreat.at\/wp-content\/uploads\/2024\/06\/Wandern-in-TirolWest-99377fbf-768x432.jpg 768w, https:\/\/alpine-retreat.at\/wp-content\/uploads\/2024\/06\/Wandern-in-TirolWest-99377fbf.jpg 1200w\" \/><\/figure>\n<\/div>\n<\/div><\/div>\n\n\n\n<div class=\"wp-block-uagb-slider-child uagb-slider-child-wrap swiper-slide uagb-block-3c67346b\"><div class=\"swiper-content\">\n<div class=\"wp-block-uagb-container uagb-block-9befe837\">\n<figure class=\"wp-block-image size-large\"><img loading=\"lazy\" decoding=\"async\" width=\"1024\" height=\"576\" sizes=\"auto, (max-width: 1024px) 100vw, 1024px\" src=\"https:\/\/alpine-retreat.at\/wp-content\/uploads\/2024\/06\/WandernSee08-707bfa23-1024x576.jpg\" alt=\"\" class=\"wp-image-810\" srcset=\"https:\/\/alpine-retreat.at\/wp-content\/uploads\/2024\/06\/WandernSee08-707bfa23-1024x576.jpg 1024w, https:\/\/alpine-retreat.at\/wp-content\/uploads\/2024\/06\/WandernSee08-707bfa23-300x169.jpg 300w, https:\/\/alpine-retreat.at\/wp-content\/uploads\/2024\/06\/WandernSee08-707bfa23-768x432.jpg 768w, https:\/\/alpine-retreat.at\/wp-content\/uploads\/2024\/06\/WandernSee08-707bfa23.jpg 1200w\" \/><\/figure>\n<\/div>\n<\/div><\/div>\n\n\n\n<div class=\"wp-block-uagb-slider-child uagb-slider-child-wrap swiper-slide uagb-block-87012301\"><div class=\"swiper-content\">\n<div class=\"wp-block-uagb-container uagb-block-ac3d63fb\">\n<figure class=\"wp-block-image size-large\"><img loading=\"lazy\" decoding=\"async\" width=\"1024\" height=\"576\" sizes=\"auto, (max-width: 1024px) 100vw, 1024px\" src=\"https:\/\/alpine-retreat.at\/wp-content\/uploads\/2024\/06\/Oben-3293682e-1-1024x576.jpg\" alt=\"\" class=\"wp-image-794\" srcset=\"https:\/\/alpine-retreat.at\/wp-content\/uploads\/2024\/06\/Oben-3293682e-1-1024x576.jpg 1024w, https:\/\/alpine-retreat.at\/wp-content\/uploads\/2024\/06\/Oben-3293682e-1-300x169.jpg 300w, https:\/\/alpine-retreat.at\/wp-content\/uploads\/2024\/06\/Oben-3293682e-1-768x432.jpg 768w, https:\/\/alpine-retreat.at\/wp-content\/uploads\/2024\/06\/Oben-3293682e-1.jpg 1200w\" \/><\/figure>\n<\/div>\n<\/div><\/div>\n\n\n\n<div class=\"wp-block-uagb-slider-child uagb-slider-child-wrap swiper-slide uagb-block-a03d6a1b\"><div class=\"swiper-content\">\n<div class=\"wp-block-uagb-container uagb-block-4cfd9f51\">\n<figure class=\"wp-block-image size-full\"><img loading=\"lazy\" decoding=\"async\" width=\"1920\" height=\"1070\" sizes=\"auto, (max-width: 1920px) 100vw, 1920px\" src=\"https:\/\/alpine-retreat.at\/wp-content\/uploads\/2024\/06\/Sommer-allgemein2-18380214-1.jpg\" alt=\"\" class=\"wp-image-800\" srcset=\"https:\/\/alpine-retreat.at\/wp-content\/uploads\/2024\/06\/Sommer-allgemein2-18380214-1.jpg 1920w, https:\/\/alpine-retreat.at\/wp-content\/uploads\/2024\/06\/Sommer-allgemein2-18380214-1-300x167.jpg 300w, https:\/\/alpine-retreat.at\/wp-content\/uploads\/2024\/06\/Sommer-allgemein2-18380214-1-1024x571.jpg 1024w, https:\/\/alpine-retreat.at\/wp-content\/uploads\/2024\/06\/Sommer-allgemein2-18380214-1-768x428.jpg 768w, https:\/\/alpine-retreat.at\/wp-content\/uploads\/2024\/06\/Sommer-allgemein2-18380214-1-1536x856.jpg 1536w\" \/><\/figure>\n<\/div>\n<\/div><\/div>\n\n\n\n<div class=\"wp-block-uagb-slider-child uagb-slider-child-wrap swiper-slide uagb-block-79c4d1a3\"><div class=\"swiper-content\">\n<div class=\"wp-block-uagb-container uagb-block-db233dad\">\n<figure class=\"wp-block-image size-full\"><img loading=\"lazy\" decoding=\"async\" width=\"1620\" height=\"1080\" sizes=\"auto, (max-width: 1620px) 100vw, 1620px\" src=\"https:\/\/alpine-retreat.at\/wp-content\/uploads\/2024\/06\/naturparkkaunergrat03_26882520.jpg\" alt=\"\" class=\"wp-image-969\" srcset=\"https:\/\/alpine-retreat.at\/wp-content\/uploads\/2024\/06\/naturparkkaunergrat03_26882520.jpg 1620w, https:\/\/alpine-retreat.at\/wp-content\/uploads\/2024\/06\/naturparkkaunergrat03_26882520-300x200.jpg 300w, https:\/\/alpine-retreat.at\/wp-content\/uploads\/2024\/06\/naturparkkaunergrat03_26882520-1024x683.jpg 1024w, https:\/\/alpine-retreat.at\/wp-content\/uploads\/2024\/06\/naturparkkaunergrat03_26882520-768x512.jpg 768w, https:\/\/alpine-retreat.at\/wp-content\/uploads\/2024\/06\/naturparkkaunergrat03_26882520-1536x1024.jpg 1536w\" \/><\/figure>\n<\/div>\n<\/div><\/div>\n\n\n\n<div class=\"wp-block-uagb-slider-child uagb-slider-child-wrap swiper-slide uagb-block-f6a3b652\"><div class=\"swiper-content\">\n<div class=\"wp-block-uagb-container uagb-block-afb73760\">\n<figure class=\"wp-block-image size-large\"><img loading=\"lazy\" decoding=\"async\" width=\"1024\" height=\"683\" sizes=\"auto, (max-width: 1024px) 100vw, 1024px\" src=\"https:\/\/alpine-retreat.at\/wp-content\/uploads\/2024\/06\/schloss_landeck_010_huber_roman_web-1024x683.jpg\" alt=\"\" class=\"wp-image-970\" srcset=\"https:\/\/alpine-retreat.at\/wp-content\/uploads\/2024\/06\/schloss_landeck_010_huber_roman_web-1024x683.jpg 1024w, https:\/\/alpine-retreat.at\/wp-content\/uploads\/2024\/06\/schloss_landeck_010_huber_roman_web-300x200.jpg 300w, https:\/\/alpine-retreat.at\/wp-content\/uploads\/2024\/06\/schloss_landeck_010_huber_roman_web-768x512.jpg 768w, https:\/\/alpine-retreat.at\/wp-content\/uploads\/2024\/06\/schloss_landeck_010_huber_roman_web-1536x1024.jpg 1536w, https:\/\/alpine-retreat.at\/wp-content\/uploads\/2024\/06\/schloss_landeck_010_huber_roman_web.jpg 1620w\" \/><\/figure>\n<\/div>\n<\/div><\/div>\n\n\n\n<div class=\"wp-block-uagb-slider-child uagb-slider-child-wrap swiper-slide uagb-block-a6eadfa5\"><div class=\"swiper-content\">\n<div class=\"wp-block-uagb-container uagb-block-44aca9b1\">\n<figure class=\"wp-block-image size-large\"><img loading=\"lazy\" decoding=\"async\" width=\"1024\" height=\"683\" sizes=\"auto, (max-width: 1024px) 100vw, 1024px\" src=\"https:\/\/alpine-retreat.at\/wp-content\/uploads\/2024\/06\/frischemarkt_landeck-1024x683.jpg\" alt=\"\" class=\"wp-image-971\" srcset=\"https:\/\/alpine-retreat.at\/wp-content\/uploads\/2024\/06\/frischemarkt_landeck-1024x683.jpg 1024w, https:\/\/alpine-retreat.at\/wp-content\/uploads\/2024\/06\/frischemarkt_landeck-300x200.jpg 300w, https:\/\/alpine-retreat.at\/wp-content\/uploads\/2024\/06\/frischemarkt_landeck-768x512.jpg 768w, https:\/\/alpine-retreat.at\/wp-content\/uploads\/2024\/06\/frischemarkt_landeck-1536x1024.jpg 1536w, https:\/\/alpine-retreat.at\/wp-content\/uploads\/2024\/06\/frischemarkt_landeck.jpg 1920w\" \/><\/figure>\n<\/div>\n<\/div><\/div>\n\n\n\n<div class=\"wp-block-uagb-slider-child uagb-slider-child-wrap swiper-slide uagb-block-02affe9a\"><div class=\"swiper-content\">\n<div class=\"wp-block-uagb-container uagb-block-8cda83b4\">\n<figure class=\"wp-block-image size-large\"><img loading=\"lazy\" decoding=\"async\" width=\"1024\" height=\"427\" sizes=\"auto, (max-width: 1024px) 100vw, 1024px\" src=\"https:\/\/alpine-retreat.at\/wp-content\/uploads\/2024\/06\/Radfahren-Waben-576ab664-1024x427.jpg\" alt=\"\" class=\"wp-image-749\" srcset=\"https:\/\/alpine-retreat.at\/wp-content\/uploads\/2024\/06\/Radfahren-Waben-576ab664-1024x427.jpg 1024w, https:\/\/alpine-retreat.at\/wp-content\/uploads\/2024\/06\/Radfahren-Waben-576ab664-300x125.jpg 300w, https:\/\/alpine-retreat.at\/wp-content\/uploads\/2024\/06\/Radfahren-Waben-576ab664-768x320.jpg 768w, https:\/\/alpine-retreat.at\/wp-content\/uploads\/2024\/06\/Radfahren-Waben-576ab664-1536x640.jpg 1536w, https:\/\/alpine-retreat.at\/wp-content\/uploads\/2024\/06\/Radfahren-Waben-576ab664.jpg 1920w\" \/><\/figure>\n<\/div>\n<\/div><\/div>\n\n\n\n<div class=\"wp-block-uagb-slider-child uagb-slider-child-wrap swiper-slide uagb-block-12b55f40\"><div class=\"swiper-content\">\n<div class=\"wp-block-uagb-container uagb-block-42ea585c\">\n<figure class=\"wp-block-image size-full\"><img loading=\"lazy\" decoding=\"async\" width=\"2048\" height=\"1357\" sizes=\"auto, (max-width: 2048px) 100vw, 2048px\" src=\"https:\/\/alpine-retreat.at\/wp-content\/uploads\/2024\/06\/10111977-1.jpg\" alt=\"\" class=\"wp-image-975\" srcset=\"https:\/\/alpine-retreat.at\/wp-content\/uploads\/2024\/06\/10111977-1.jpg 2048w, https:\/\/alpine-retreat.at\/wp-content\/uploads\/2024\/06\/10111977-1-300x199.jpg 300w, https:\/\/alpine-retreat.at\/wp-content\/uploads\/2024\/06\/10111977-1-1024x679.jpg 1024w, https:\/\/alpine-retreat.at\/wp-content\/uploads\/2024\/06\/10111977-1-768x509.jpg 768w, https:\/\/alpine-retreat.at\/wp-content\/uploads\/2024\/06\/10111977-1-1536x1018.jpg 1536w\" \/><\/figure>\n<\/div>\n<\/div><\/div>\n<\/div><\/div><div class=\"swiper-pagination\"><\/div><div class=\"swiper-button-prev\"><\/div><div class=\"swiper-button-next\"><\/div><\/div>\n<\/div><\/div>\n\n\n\n<div class=\"wp-block-uagb-container uagb-block-4321ae60 alignfull uagb-is-root-container\"><div class=\"uagb-container-inner-blocks-wrap\">\n<p>Pure Culture: Just a few minutes' drive away lies the town of Landeck. Every Friday, it offers a culinary experience celebrating regional delicacies. The town's landmark, Landeck Castle, invites you with a mix of culture, mysticism, and spirituality. The Zammer Lochputz, Tyrol's mystical gorge, provides adventures for the whole family.<br>The Nature Park House Gachenblick in Flie\u00df combines relaxation and learning in an enjoyable way. The viewing platform right at the Nature Park House offers an impressive panorama and connects history, culture, and nature. Close to the nature park is the Piller Moor nature trail. On a gentle hike, you\u2019ll discover the extraordinary flora and fauna of this landscape. Not only is it one of the most beautiful moors in Tyrol, but it is also accessible to all.<\/p>\n<\/div><\/div>","protected":false},"excerpt":{"rendered":"<p>Sommer Aktivit\u00e4ten Kultur pur: Nur wenige Autominuten entfernt liegt die Stadt Landeck. Jeden Freitag lockt sie mit einem kulinarischen Erlebnis, das regionale K\u00f6stlichkeiten zelebriert. Das Wahrzeichen, Schloss Landeck, erwartet Sie mit einem Mix aus Kultur, Mystik und Spiritualit\u00e4t. Der Zammer Lochputz, Tirols mystische Klamm, bietet Abenteuer f\u00fcr die ganze Familie.Das Naturparkhaus Gachenblick in Flie\u00df kombiniert [&hellip;]<\/p>","protected":false},"author":1,"featured_media":0,"parent":0,"menu_order":0,"comment_status":"closed","ping_status":"closed","template":"","meta":{"om_disable_all_campaigns":false,"_uag_custom_page_level_css":"","_uf_show_specific_survey":0,"_uf_disable_surveys":false,"site-sidebar-layout":"default","site-content-layout":"","ast-site-content-layout":"default","site-content-style":"unboxed","site-sidebar-style":"default","ast-global-header-display":"","ast-banner-title-visibility":"disabled","ast-main-header-display":"","ast-hfb-above-header-display":"","ast-hfb-below-header-display":"","ast-hfb-mobile-header-display":"","site-post-title":"","ast-breadcrumbs-content":"","ast-featured-img":"","footer-sml-layout":"","theme-transparent-header-meta":"enabled","adv-header-id-meta":"","stick-header-meta":"","header-above-stick-meta":"","header-main-stick-meta":"","header-below-stick-meta":"","astra-migrate-meta-layouts":"set","ast-page-background-enabled":"default","ast-page-background-meta":{"desktop":{"background-color":"","background-image":"","background-repeat":"repeat","background-position":"center center","background-size":"auto","background-attachment":"scroll","background-type":"","background-media":"","overlay-type":"","overlay-color":"","overlay-opacity":"","overlay-gradient":""},"tablet":{"background-color":"","background-image":"","background-repeat":"repeat","background-position":"center center","background-size":"auto","background-attachment":"scroll","background-type":"","background-media":"","overlay-type":"","overlay-color":"","overlay-opacity":"","overlay-gradient":""},"mobile":{"background-color":"","background-image":"","background-repeat":"repeat","background-position":"center center","background-size":"auto","background-attachment":"scroll","background-type":"","background-media":"","overlay-type":"","overlay-color":"","overlay-opacity":"","overlay-gradient":""}},"ast-content-background-meta":{"desktop":{"background-color":"var(--ast-global-color-5)","background-image":"","background-repeat":"repeat","background-position":"center center","background-size":"auto","background-attachment":"scroll","background-type":"","background-media":"","overlay-type":"","overlay-color":"","overlay-opacity":"","overlay-gradient":""},"tablet":{"background-color":"var(--ast-global-color-5)","background-image":"","background-repeat":"repeat","background-position":"center center","background-size":"auto","background-attachment":"scroll","background-type":"","background-media":"","overlay-type":"","overlay-color":"","overlay-opacity":"","overlay-gradient":""},"mobile":{"background-color":"var(--ast-global-color-5)","background-image":"","background-repeat":"repeat","background-position":"center center","background-size":"auto","background-attachment":"scroll","background-type":"","background-media":"","overlay-type":"","overlay-color":"","overlay-opacity":"","overlay-gradient":""}},"footnotes":""},"class_list":["post-711","page","type-page","status-publish","hentry"],"aioseo_notices":[],"uagb_featured_image_src":{"full":false,"thumbnail":false,"medium":false,"medium_large":false,"large":false,"1536x1536":false,"2048x2048":false,"trp-custom-language-flag":false},"uagb_author_info":{"display_name":"alpine-retreat.at","author_link":"https:\/\/alpine-retreat.at\/en\/author\/alpine-retreat-at\/"},"uagb_comment_info":0,"uagb_excerpt":"Sommer Aktivit\u00e4ten Kultur pur: Nur wenige Autominuten entfernt liegt die Stadt Landeck. Jeden Freitag lockt sie mit einem kulinarischen Erlebnis, das regionale K\u00f6stlichkeiten zelebriert. Das Wahrzeichen, Schloss Landeck, erwartet Sie mit einem Mix aus Kultur, Mystik und Spiritualit\u00e4t. Der Zammer Lochputz, Tirols mystische Klamm, bietet Abenteuer f\u00fcr die ganze Familie.Das Naturparkhaus Gachenblick in Flie\u00df kombiniert&hellip;","_links":{"self":[{"href":"https:\/\/alpine-retreat.at\/en\/wp-json\/wp\/v2\/pages\/711","targetHints":{"allow":["GET"]}}],"collection":[{"href":"https:\/\/alpine-retreat.at\/en\/wp-json\/wp\/v2\/pages"}],"about":[{"href":"https:\/\/alpine-retreat.at\/en\/wp-json\/wp\/v2\/types\/page"}],"author":[{"embeddable":true,"href":"https:\/\/alpine-retreat.at\/en\/wp-json\/wp\/v2\/users\/1"}],"replies":[{"embeddable":true,"href":"https:\/\/alpine-retreat.at\/en\/wp-json\/wp\/v2\/comments?post=711"}],"version-history":[{"count":13,"href":"https:\/\/alpine-retreat.at\/en\/wp-json\/wp\/v2\/pages\/711\/revisions"}],"predecessor-version":[{"id":976,"href":"https:\/\/alpine-retreat.at\/en\/wp-json\/wp\/v2\/pages\/711\/revisions\/976"}],"wp:attachment":[{"href":"https:\/\/alpine-retreat.at\/en\/wp-json\/wp\/v2\/media?parent=711"}],"curies":[{"name":"wp","href":"https:\/\/api.w.org\/{rel}","templated":true}]}}