{"id":10,"date":"2020-09-15T06:48:15","date_gmt":"2020-09-15T06:48:15","guid":{"rendered":"http:\/\/alpine-retreat.at\/home\/"},"modified":"2025-09-02T20:04:12","modified_gmt":"2025-09-02T18:04:12","slug":"home","status":"publish","type":"page","link":"https:\/\/alpine-retreat.at\/en\/","title":{"rendered":"Home"},"content":{"rendered":"<div class=\"wp-block-uagb-container uagb-block-80f8b66e alignfull uagb-is-root-container\"><div class=\"uagb-container-inner-blocks-wrap\">\n<div class=\"wp-block-uagb-info-box uagb-block-ea1e98f0 uagb-infobox__content-wrap  uagb-infobox-icon-above-title uagb-infobox-image-valign-top\"><div class=\"uagb-ifb-content\"><div class=\"uagb-ifb-title-wrap\"><span class=\"uagb-ifb-title-prefix\">Welcome<\/span><div class=\"uagb-ifb-separator\"><\/div><h1 class=\"uagb-ifb-title\">alpine retreat<gwmw style=\"display:none;\"><gwmw style=\"display:none;\"><\/gwmw><\/gwmw><\/h1><\/div><\/div><\/div>\n<\/div><\/div>\n\n\n\n<div class=\"wp-block-uagb-container uagb-block-6f3d1c23 alignfull uagb-is-root-container\"><div class=\"uagb-container-inner-blocks-wrap\">\n<div class=\"wp-block-uagb-container uagb-block-db0c6358\">\n<div class=\"wp-block-uagb-image uagb-block-30761a03 wp-block-uagb-image--layout-default wp-block-uagb-image--effect-static wp-block-uagb-image--align-none\"><figure class=\"wp-block-uagb-image__figure\"><img decoding=\"async\" srcset=\"https:\/\/alpine-retreat.at\/wp-content\/uploads\/2022\/08\/quote-1.png ,https:\/\/alpine-retreat.at\/wp-content\/uploads\/2022\/08\/quote-1.png 780w\" sizes=\"auto, (max-width: 480px) 150px\" src=\"https:\/\/alpine-retreat.at\/wp-content\/uploads\/2022\/08\/quote-1.png\" alt=\"\" class=\"uag-image-322\" width=\"94\" height=\"72\" title=\"\" loading=\"lazy\" role=\"img\"\/><\/figure><\/div>\n<\/div>\n\n\n\n<div class=\"wp-block-uagb-container uagb-block-24a7854e\">\n<p class=\"translation-block\"><br>Welcome to the <strong>Apart Alpine Retreat<\/strong> \u2013 your sanctuary in the Tyrolean Alps. Enjoy the fresh mountain air and breathtaking views from our cozy and modern apartments, surrounded by pristine nature. Relax in the private infinity pool with panoramic views and immerse yourself in the timeless atmosphere. Our retreat is the perfect starting point for nature lovers and sports enthusiasts.<\/p>\n<\/div>\n<\/div><\/div>\n\n\n\n<div class=\"wp-block-uagb-container uagb-block-4e5b41fa alignfull uagb-is-root-container\"><div class=\"uagb-container-inner-blocks-wrap\">\n<div class=\"wp-block-uagb-advanced-heading uagb-block-ed3416f6\"><h2 class=\"uagb-heading-text\">Apartments<\/h2><div class=\"uagb-separator\"><\/div><\/div>\n\n\n\n<div class=\"wp-block-uagb-container uagb-block-0c24c3bb\">\n<div class=\"wp-block-uagb-container uagb-block-2f95617e\">\n<div class=\"wp-block-uagb-info-box uagb-block-2935a13f uagb-infobox__content-wrap  uagb-infobox-icon-above-title uagb-infobox-image-valign-top\"><div class=\"uagb-ifb-content\"><div class=\"uagb-ifb-image-content\"><img decoding=\"async\" src=\"https:\/\/alpine-retreat.at\/wp-content\/uploads\/2025\/05\/DSC_1896-scaled.avif\" alt=\"\" width=\"2560\" height=\"1707\" loading=\"lazy\"\/><\/div><div class=\"uagb-ifb-title-wrap\"><h5 class=\"uagb-ifb-title\">Apart 1<\/h5><\/div><p class=\"uagb-ifb-desc\"><br>Discover our newly built Apartment 1 at the Apart Alpine Retreat. The cozy and modern design offers approximately 55 m\u00b2 of living comfort and an unforgettable panoramic view of the mountains. Enjoy the spacious garden and direct access to the pool.<\/p><div class=\"uagb-ifb-button-wrapper wp-block-button\"><a href=\"https:\/\/alpine-retreat.at\/en\/apart1\/\" class=\"uagb-infobox-cta-link wp-block-button__link\" target=\"_self\" rel=\"noopener noreferrer\" onclick=\"return true;\"><span class=\"uagb-inline-editing\">Info<\/span><svg xmlns=\"https:\/\/www.w3.org\/2000\/svg\" viewbox=\"0 0 512 512\"><path d=\"M504.3 273.6l-112.1 104c-6.992 6.484-17.18 8.218-25.94 4.406c-8.758-3.812-14.42-12.45-14.42-21.1L351.9 288H32C14.33 288 .0002 273.7 .0002 255.1S14.33 224 32 224h319.9l0-72c0-9.547 5.66-18.19 14.42-22c8.754-3.809 18.95-2.075 25.94 4.41l112.1 104C514.6 247.9 514.6 264.1 504.3 273.6z\"><\/path><\/svg><\/a><\/div><\/div><\/div>\n<\/div>\n\n\n\n<div class=\"wp-block-uagb-container uagb-block-65b8b623\">\n<div class=\"wp-block-uagb-info-box uagb-block-c27f163a uagb-infobox__content-wrap  uagb-infobox-icon-above-title uagb-infobox-image-valign-top\"><div class=\"uagb-ifb-content\"><div class=\"uagb-ifb-image-content\"><img decoding=\"async\" src=\"https:\/\/alpine-retreat.at\/wp-content\/uploads\/2025\/01\/DSC_3798.jpg\" alt=\"\" width=\"8256\" height=\"5504\" loading=\"lazy\"\/><\/div><div class=\"uagb-ifb-title-wrap\"><h5 class=\"uagb-ifb-title\">Apart 2<\/h5><\/div><p class=\"uagb-ifb-desc\"><br>Discover our newly built Apartment 2 at the Apart Alpine Retreat. The cozy and modern design offers approximately 40 m\u00b2 of living comfort and an unforgettable panoramic view of the mountains. Enjoy the spacious terrace and take advantage of the proximity to the pool, which is only 20 meters away.<\/p><div class=\"uagb-ifb-button-wrapper wp-block-button\"><a href=\"https:\/\/alpine-retreat.at\/en\/apart2\/\" class=\"uagb-infobox-cta-link wp-block-button__link\" target=\"_self\" rel=\"noopener noreferrer\" onclick=\"return true;\"><span class=\"uagb-inline-editing\">info<\/span><svg xmlns=\"https:\/\/www.w3.org\/2000\/svg\" viewbox=\"0 0 512 512\"><path d=\"M504.3 273.6l-112.1 104c-6.992 6.484-17.18 8.218-25.94 4.406c-8.758-3.812-14.42-12.45-14.42-21.1L351.9 288H32C14.33 288 .0002 273.7 .0002 255.1S14.33 224 32 224h319.9l0-72c0-9.547 5.66-18.19 14.42-22c8.754-3.809 18.95-2.075 25.94 4.41l112.1 104C514.6 247.9 514.6 264.1 504.3 273.6z\"><\/path><\/svg><\/a><\/div><\/div><\/div>\n<\/div>\n\n\n\n<div class=\"wp-block-uagb-container uagb-block-59f38806\">\n<div class=\"wp-block-uagb-info-box uagb-block-132095ee uagb-infobox__content-wrap  uagb-infobox-icon-above-title uagb-infobox-image-valign-top\"><div class=\"uagb-ifb-content\"><div class=\"uagb-ifb-image-content\"><img decoding=\"async\" src=\"https:\/\/alpine-retreat.at\/wp-content\/uploads\/2025\/04\/DSC_1802-scaled.avif\" alt=\"\" width=\"2560\" height=\"1707\" loading=\"lazy\"\/><\/div><div class=\"uagb-ifb-title-wrap\"><h5 class=\"uagb-ifb-title\">Apart 3<\/h5><\/div><p class=\"uagb-ifb-desc\"><br>Entdecken Sie unser neu errichtetes Apartment 3 im Apart Alpine Retreat. Das gem\u00fctlich-modern eingerichtete Design bietet mit ca. 40 m\u00b2 Wohnkomfort und einem atemberaubenden Panoramablick auf die Berge ein unvergessliches Erlebnis. Genie\u00dfen Sie die gro\u00dfe Terrasse und profitieren Sie von der N\u00e4he zum Pool, der nur 30 m entfernt liegt.<\/p><div class=\"uagb-ifb-button-wrapper wp-block-button\"><a href=\"https:\/\/alpine-retreat.at\/en\/apart3\/\" class=\"uagb-infobox-cta-link wp-block-button__link\" target=\"_self\" rel=\"noopener noreferrer\" onclick=\"return true;\"><span class=\"uagb-inline-editing\">info<\/span><svg xmlns=\"https:\/\/www.w3.org\/2000\/svg\" viewbox=\"0 0 512 512\"><path d=\"M504.3 273.6l-112.1 104c-6.992 6.484-17.18 8.218-25.94 4.406c-8.758-3.812-14.42-12.45-14.42-21.1L351.9 288H32C14.33 288 .0002 273.7 .0002 255.1S14.33 224 32 224h319.9l0-72c0-9.547 5.66-18.19 14.42-22c8.754-3.809 18.95-2.075 25.94 4.41l112.1 104C514.6 247.9 514.6 264.1 504.3 273.6z\"><\/path><\/svg><\/a><\/div><\/div><\/div>\n<\/div>\n<\/div>\n<\/div><\/div>\n\n\n\n<div class=\"wp-block-uagb-container uagb-block-0127aa57 alignfull uagb-is-root-container\"><div class=\"uagb-container-inner-blocks-wrap\">\n<div class=\"wp-block-uagb-container uagb-block-00f7f4ef\">\n<div class=\"wp-block-uagb-info-box uagb-block-f36d28c7 uagb-infobox__content-wrap  uagb-infobox-icon-above-title uagb-infobox-image-valign-top\"><div class=\"uagb-ifb-content\"><div class=\"uagb-ifb-title-wrap\"><h2 class=\"uagb-ifb-title\">Adventures in Summer<\/h2><\/div><div class=\"uagb-ifb-separator\"><\/div><p class=\"uagb-ifb-desc\">Experience the unparalleled views of majestic peaks and explore challenging mountain bike trails for the adventurous. For those who prefer a more leisurely pace, idyllic hiking trails, crystal-clear lakes, and welcoming alpine pastures await. Enjoy the fresh mountain air as you immerse yourself in our unique natural surroundings. <strong>Relaxation Meets Swimming Fun with a Dream View<\/strong> In our private infinity pool \u2013 let yourself be captivated by the enchanting atmosphere of this setting.<\/p><div class=\"uagb-ifb-button-wrapper wp-block-button\"><a href=\"https:\/\/alpine-retreat.at\/en\/summeractivities\/\" class=\"uagb-infobox-cta-link wp-block-button__link\" target=\"_self\" rel=\"noopener noreferrer\" onclick=\"return true;\"><span class=\"uagb-inline-editing\">Info<\/span><\/a><\/div><\/div><\/div>\n<\/div>\n<\/div><\/div>\n\n\n\n<div class=\"wp-block-uagb-container uagb-block-02824155 alignfull uagb-is-root-container\"><div class=\"uagb-container-inner-blocks-wrap\">\n<div class=\"wp-block-uagb-container uagb-block-ad218851\">\n<div class=\"wp-block-uagb-info-box uagb-block-8b418249 uagb-infobox__content-wrap  uagb-infobox-icon-above-title uagb-infobox-image-valign-top\"><div class=\"uagb-ifb-content\"><div class=\"uagb-ifb-title-wrap\"><h2 class=\"uagb-ifb-title\">Adventures in Winter<\/h2><\/div><p class=\"uagb-ifb-desc\">Discover our enchanting winter wonderland amidst idyllic snowy landscapes and stunning panoramas. The great outdoors offers gentle activity, relaxation, and rejuvenation. Experience snowshoe hikes through secluded forests or scenic ski tours to the surrounding mountains, all away from the crowds and under the soothing winter sun. Enjoy socializing and fun in the well-known ski resorts, located just 20 to 40 km away.<\/p><div class=\"uagb-ifb-button-wrapper wp-block-button\"><a href=\"https:\/\/alpine-retreat.at\/en\/winteractivities\/\" class=\"uagb-infobox-cta-link wp-block-button__link\" target=\"_self\" rel=\"noopener noreferrer\" onclick=\"return true;\"><span class=\"uagb-inline-editing\">Info<\/span><\/a><\/div><\/div><\/div>\n<\/div>\n\n\n\n<div class=\"wp-block-uagb-container uagb-block-5c72ea19\">\n<div class=\"wp-block-uagb-image uagb-block-cba4faa0 wp-block-uagb-image--layout-default wp-block-uagb-image--effect-static wp-block-uagb-image--align-none\"><figure class=\"wp-block-uagb-image__figure\"><img decoding=\"async\" srcset=\"https:\/\/alpine-retreat.at\/wp-content\/uploads\/2024\/06\/Skitour_TVB-Pitztal_Michael-Mueller_Sankt-Leonhard-im-Pitztal-4f15d997.jpg ,https:\/\/alpine-retreat.at\/wp-content\/uploads\/2024\/06\/Skitour_TVB-Pitztal_Michael-Mueller_Sankt-Leonhard-im-Pitztal-4f15d997.jpg 780w, https:\/\/alpine-retreat.at\/wp-content\/uploads\/2024\/06\/Skitour_TVB-Pitztal_Michael-Mueller_Sankt-Leonhard-im-Pitztal-4f15d997.jpg 360w\" sizes=\"auto, (max-width: 480px) 150px\" src=\"https:\/\/alpine-retreat.at\/wp-content\/uploads\/2024\/06\/Skitour_TVB-Pitztal_Michael-Mueller_Sankt-Leonhard-im-Pitztal-4f15d997.jpg\" alt=\"\" class=\"uag-image-754\" width=\"1024\" height=\"427\" title=\"Skitour_TVB Pitztal_Michael M\u00fcller_Sankt Leonhard im Pitztal-4f15d997\" loading=\"lazy\" role=\"img\"\/><\/figure><\/div>\n\n\n\n<div class=\"wp-block-uagb-image uagb-block-b320a3f6 wp-block-uagb-image--layout-default wp-block-uagb-image--effect-static wp-block-uagb-image--align-none\"><figure class=\"wp-block-uagb-image__figure\"><img decoding=\"async\" srcset=\"https:\/\/alpine-retreat.at\/wp-content\/uploads\/2024\/06\/allgemein-3a6bab9a.jpg ,https:\/\/alpine-retreat.at\/wp-content\/uploads\/2024\/06\/allgemein-3a6bab9a.jpg 780w, https:\/\/alpine-retreat.at\/wp-content\/uploads\/2024\/06\/allgemein-3a6bab9a.jpg 360w\" sizes=\"auto, (max-width: 480px) 150px\" src=\"https:\/\/alpine-retreat.at\/wp-content\/uploads\/2024\/06\/allgemein-3a6bab9a.jpg\" alt=\"\" class=\"uag-image-750\" width=\"378\" height=\"385\" title=\"allgemein-3a6bab9a\" loading=\"lazy\" role=\"img\"\/><\/figure><\/div>\n<\/div>\n\n\n\n<div class=\"wp-block-uagb-container uagb-block-cb44d3fb\">\n<div class=\"wp-block-uagb-image uagb-block-e3136058 wp-block-uagb-image--layout-default wp-block-uagb-image--effect-static wp-block-uagb-image--align-none\"><figure class=\"wp-block-uagb-image__figure\"><img decoding=\"async\" srcset=\"https:\/\/alpine-retreat.at\/wp-content\/uploads\/2024\/06\/Skisafari24-77bc07fb-1024x427.jpg ,https:\/\/alpine-retreat.at\/wp-content\/uploads\/2024\/06\/Skisafari24-77bc07fb.jpg 780w, https:\/\/alpine-retreat.at\/wp-content\/uploads\/2024\/06\/Skisafari24-77bc07fb.jpg 360w\" sizes=\"auto, (max-width: 480px) 150px\" src=\"https:\/\/alpine-retreat.at\/wp-content\/uploads\/2024\/06\/Skisafari24-77bc07fb-1024x427.jpg\" alt=\"\" class=\"uag-image-753\" width=\"1024\" height=\"427\" title=\"Skisafari24-77bc07fb\" loading=\"lazy\" role=\"img\"\/><\/figure><\/div>\n\n\n\n<div class=\"wp-block-uagb-image uagb-block-503b02ba wp-block-uagb-image--layout-default wp-block-uagb-image--effect-static wp-block-uagb-image--align-none\"><figure class=\"wp-block-uagb-image__figure\"><img decoding=\"async\" srcset=\"https:\/\/alpine-retreat.at\/wp-content\/uploads\/2024\/06\/Schneeschuh_TVB-Tannheimer-Tal_Ehn-Wolfgang_Tannheim-98d64cf8.jpg ,https:\/\/alpine-retreat.at\/wp-content\/uploads\/2024\/06\/Schneeschuh_TVB-Tannheimer-Tal_Ehn-Wolfgang_Tannheim-98d64cf8.jpg 780w, https:\/\/alpine-retreat.at\/wp-content\/uploads\/2024\/06\/Schneeschuh_TVB-Tannheimer-Tal_Ehn-Wolfgang_Tannheim-98d64cf8.jpg 360w\" sizes=\"auto, (max-width: 480px) 150px\" src=\"https:\/\/alpine-retreat.at\/wp-content\/uploads\/2024\/06\/Schneeschuh_TVB-Tannheimer-Tal_Ehn-Wolfgang_Tannheim-98d64cf8.jpg\" alt=\"\" class=\"uag-image-752\" width=\"378\" height=\"385\" title=\"Schneeschuh_TVB Tannheimer Tal_Ehn Wolfgang_Tannheim-98d64cf8\" loading=\"lazy\" role=\"img\"\/><\/figure><\/div>\n<\/div>\n<\/div><\/div>","protected":false},"excerpt":{"rendered":"<p>Herzlich willkommen im Apart Alpine Retreat \u2013 Ihrem R\u00fcckzugsort in den Tiroler Alpen. Genie\u00dfen Sie die frische Bergluft und den atemberaubenden Ausblick unserer gem\u00fctlichen und modernen Apartments, umgeben von unber\u00fchrter Natur. Entspannen Sie im privaten Infinitypool mit Panoramablick und erleben Sie die zeitlose Atmosph\u00e4re. Unser Retreat ist der ideale Ausgangspunkt f\u00fcr Naturliebhaber und Sportbegeisterte. Appartments<\/p>","protected":false},"author":1,"featured_media":0,"parent":0,"menu_order":0,"comment_status":"closed","ping_status":"closed","template":"","meta":{"om_disable_all_campaigns":false,"_uag_custom_page_level_css":"","_uf_show_specific_survey":0,"_uf_disable_surveys":false,"site-sidebar-layout":"no-sidebar","site-content-layout":"plain-container","ast-site-content-layout":"normal-width-container","site-content-style":"unboxed","site-sidebar-style":"unboxed","ast-global-header-display":"","ast-banner-title-visibility":"","ast-main-header-display":"","ast-hfb-above-header-display":"","ast-hfb-below-header-display":"","ast-hfb-mobile-header-display":"","site-post-title":"disabled","ast-breadcrumbs-content":"","ast-featured-img":"","footer-sml-layout":"","theme-transparent-header-meta":"enabled","adv-header-id-meta":"","stick-header-meta":"","header-above-stick-meta":"","header-main-stick-meta":"","header-below-stick-meta":"","astra-migrate-meta-layouts":"set","ast-page-background-enabled":"default","ast-page-background-meta":{"desktop":{"background-color":"","background-image":"","background-repeat":"repeat","background-position":"center center","background-size":"auto","background-attachment":"scroll","background-type":"","background-media":"","overlay-type":"","overlay-color":"","overlay-opacity":"","overlay-gradient":""},"tablet":{"background-color":"","background-image":"","background-repeat":"repeat","background-position":"center center","background-size":"auto","background-attachment":"scroll","background-type":"","background-media":"","overlay-type":"","overlay-color":"","overlay-opacity":"","overlay-gradient":""},"mobile":{"background-color":"","background-image":"","background-repeat":"repeat","background-position":"center center","background-size":"auto","background-attachment":"scroll","background-type":"","background-media":"","overlay-type":"","overlay-color":"","overlay-opacity":"","overlay-gradient":""}},"ast-content-background-meta":{"desktop":{"background-color":"var(--ast-global-color-5)","background-image":"","background-repeat":"repeat","background-position":"center center","background-size":"auto","background-attachment":"scroll","background-type":"","background-media":"","overlay-type":"","overlay-color":"","overlay-opacity":"","overlay-gradient":""},"tablet":{"background-color":"var(--ast-global-color-5)","background-image":"","background-repeat":"repeat","background-position":"center center","background-size":"auto","background-attachment":"scroll","background-type":"","background-media":"","overlay-type":"","overlay-color":"","overlay-opacity":"","overlay-gradient":""},"mobile":{"background-color":"var(--ast-global-color-5)","background-image":"","background-repeat":"repeat","background-position":"center center","background-size":"auto","background-attachment":"scroll","background-type":"","background-media":"","overlay-type":"","overlay-color":"","overlay-opacity":"","overlay-gradient":""}},"footnotes":""},"class_list":["post-10","page","type-page","status-publish","hentry"],"aioseo_notices":[],"uagb_featured_image_src":{"full":false,"thumbnail":false,"medium":false,"medium_large":false,"large":false,"1536x1536":false,"2048x2048":false,"trp-custom-language-flag":false},"uagb_author_info":{"display_name":"alpine-retreat.at","author_link":"https:\/\/alpine-retreat.at\/en\/author\/alpine-retreat-at\/"},"uagb_comment_info":0,"uagb_excerpt":"Herzlich willkommen im Apart Alpine Retreat \u2013 Ihrem R\u00fcckzugsort in den Tiroler Alpen. Genie\u00dfen Sie die frische Bergluft und den atemberaubenden Ausblick unserer gem\u00fctlichen und modernen Apartments, umgeben von unber\u00fchrter Natur. Entspannen Sie im privaten Infinitypool mit Panoramablick und erleben Sie die zeitlose Atmosph\u00e4re. Unser Retreat ist der ideale Ausgangspunkt f\u00fcr Naturliebhaber und Sportbegeisterte. Appartments","_links":{"self":[{"href":"https:\/\/alpine-retreat.at\/en\/wp-json\/wp\/v2\/pages\/10","targetHints":{"allow":["GET"]}}],"collection":[{"href":"https:\/\/alpine-retreat.at\/en\/wp-json\/wp\/v2\/pages"}],"about":[{"href":"https:\/\/alpine-retreat.at\/en\/wp-json\/wp\/v2\/types\/page"}],"author":[{"embeddable":true,"href":"https:\/\/alpine-retreat.at\/en\/wp-json\/wp\/v2\/users\/1"}],"replies":[{"embeddable":true,"href":"https:\/\/alpine-retreat.at\/en\/wp-json\/wp\/v2\/comments?post=10"}],"version-history":[{"count":45,"href":"https:\/\/alpine-retreat.at\/en\/wp-json\/wp\/v2\/pages\/10\/revisions"}],"predecessor-version":[{"id":1293,"href":"https:\/\/alpine-retreat.at\/en\/wp-json\/wp\/v2\/pages\/10\/revisions\/1293"}],"wp:attachment":[{"href":"https:\/\/alpine-retreat.at\/en\/wp-json\/wp\/v2\/media?parent=10"}],"curies":[{"name":"wp","href":"https:\/\/api.w.org\/{rel}","templated":true}]}}